{"id":45,"date":"2014-08-13T19:16:40","date_gmt":"2014-08-13T16:16:40","guid":{"rendered":"https:\/\/adalethazar.com\/?page_id=45"},"modified":"2014-10-26T12:12:00","modified_gmt":"2014-10-26T10:12:00","slug":"varlik-degerleme-yaklasimlari-cercevesinde-gayrimenkul-degerleme","status":"publish","type":"page","link":"https:\/\/adalethazar.com\/index.php\/kitaplar\/akademik-kitaplar\/varlik-degerleme-yaklasimlari-cercevesinde-gayrimenkul-degerleme\/","title":{"rendered":"Varl\u0131k De\u011ferleme Yakla\u015f\u0131mlar\u0131 \u00c7er\u00e7evesinde Gayrimenkul De\u011ferleme"},"content":{"rendered":"<h2><\/h2>\n<p><a href=\"https:\/\/adalethazar.com\/wp-content\/uploads\/2014\/08\/gayrimenkul_degerleme.jpg\"><img loading=\"lazy\" class=\"alignleft size-full wp-image-46\" src=\"https:\/\/adalethazar.com\/wp-content\/uploads\/2014\/08\/gayrimenkul_degerleme.jpg\" alt=\"gayrimenkul_degerleme\" width=\"122\" height=\"174\" \/><\/a>G\u00fcn\u00fcm\u00fczde de\u011ferleme, giderek artan \u00f6nemi nedeni ile finans teorisi i\u00e7inde olduk\u00e7a geni\u015f bir alana sahiptir. Uluslararas\u0131 geli\u015fmelere uyum, finansal tablolar\u0131n ger\u00e7e\u011fe en yak\u0131n de\u011ferleri g\u00f6stermesi beklentisi, do\u011fru yat\u0131r\u0131m kararlar\u0131n\u0131n verilebilmesi, olas\u0131 risklere ili\u015fkin \u00f6ng\u00f6r\u00fclerde bulunulabilmesi hususlar\u0131 dikkate al\u0131nd\u0131\u011f\u0131nda, varl\u0131k de\u011ferlemenin \u00f6nemi daha da \u00f6n plana \u00e7\u0131kmaktad\u0131r.<br \/>\nGayrimenkul, hem yat\u0131r\u0131m hem de finansal faaliyetlerde \u00f6nemini koruyan bir varl\u0131k olmas\u0131 nedeni ile, gayrimenkul de\u011ferinin olas\u0131 en do\u011fru \u015fekilde belirlenebilmesi, de\u011ferleme \u00e7al\u0131\u015fmalar\u0131n\u0131n temelini olu\u015fturmaktad\u0131r. Gayrimenkul de\u011ferlemeye ili\u015fkin farkl\u0131 y\u00f6ntemlerin \u00f6rneklerle aktar\u0131ld\u0131\u011f\u0131 bu \u00e7al\u0131\u015fman\u0131n amac\u0131, okuyucuya de\u011ferleme i\u015flemi i\u00e7in geni\u015f bir bak\u0131\u015f a\u00e7\u0131s\u0131 sunabilmektir.<\/p>\n<p>Teorinin g\u00fcncel uygulamalarla en uygun \u015fekilde nas\u0131l birle\u015ftirilebilece\u011fi temel sorusunun yan\u0131t\u0131na da bu \u00e7al\u0131\u015fmada yer verilmi\u015ftir. Bu \u00e7al\u0131\u015fma, genelde varl\u0131k de\u011ferlemeye, \u00f6zelde ise gayrimenkul de\u011ferlemeye ilgi duyanlar\u0131n yararlanabilece\u011fi temel bir kaynak niteli\u011findedir.<\/p>\n<p><strong>Konu Ba\u015fl\u0131klar\u0131<\/strong><\/p>\n<p>&nbsp;<\/p>\n<table>\n<tbody>\n<tr>\n<td><\/td>\n<td>Gayrimenkul Piyasas\u0131na \u0130li\u015fkin Temel Kavram ve Tan\u0131mlar<\/td>\n<\/tr>\n<tr>\n<td><\/td>\n<td>Gayrimenkul Finansman\u0131<\/td>\n<\/tr>\n<tr>\n<td><\/td>\n<td>De\u011ferlemenin Amac\u0131 ve Kullan\u0131m Yerleri<\/td>\n<\/tr>\n<tr>\n<td><\/td>\n<td>De\u011ferleme Yakla\u015f\u0131mlar\u0131 \u2013 De\u011ferleme Y\u00f6ntemleri<\/td>\n<\/tr>\n<tr>\n<td><\/td>\n<td>Uluslararas\u0131 De\u011ferleme Standartlar\u0131<\/td>\n<\/tr>\n<\/tbody>\n<\/table>\n","protected":false},"excerpt":{"rendered":"<p>G\u00fcn\u00fcm\u00fczde de\u011ferleme, giderek artan \u00f6nemi nedeni ile finans teorisi i\u00e7inde olduk\u00e7a geni\u015f bir alana sahiptir. Uluslararas\u0131 geli\u015fmelere uyum, finansal tablolar\u0131n ger\u00e7e\u011fe en yak\u0131n de\u011ferleri g\u00f6stermesi beklentisi, do\u011fru yat\u0131r\u0131m kararlar\u0131n\u0131n verilebilmesi, olas\u0131 risklere ili\u015fkin \u00f6ng\u00f6r\u00fclerde bulunulabilmesi hususlar\u0131 dikkate al\u0131nd\u0131\u011f\u0131nda, varl\u0131k de\u011ferlemenin \u00f6nemi daha da \u00f6n plana \u00e7\u0131kmaktad\u0131r. Gayrimenkul, hem yat\u0131r\u0131m hem de finansal faaliyetlerde \u00f6nemini koruyan [&hellip;]<\/p>\n","protected":false},"author":1,"featured_media":0,"parent":42,"menu_order":0,"comment_status":"closed","ping_status":"closed","template":"","meta":[],"_links":{"self":[{"href":"https:\/\/adalethazar.com\/index.php\/wp-json\/wp\/v2\/pages\/45"}],"collection":[{"href":"https:\/\/adalethazar.com\/index.php\/wp-json\/wp\/v2\/pages"}],"about":[{"href":"https:\/\/adalethazar.com\/index.php\/wp-json\/wp\/v2\/types\/page"}],"author":[{"embeddable":true,"href":"https:\/\/adalethazar.com\/index.php\/wp-json\/wp\/v2\/users\/1"}],"replies":[{"embeddable":true,"href":"https:\/\/adalethazar.com\/index.php\/wp-json\/wp\/v2\/comments?post=45"}],"version-history":[{"count":2,"href":"https:\/\/adalethazar.com\/index.php\/wp-json\/wp\/v2\/pages\/45\/revisions"}],"predecessor-version":[{"id":49,"href":"https:\/\/adalethazar.com\/index.php\/wp-json\/wp\/v2\/pages\/45\/revisions\/49"}],"up":[{"embeddable":true,"href":"https:\/\/adalethazar.com\/index.php\/wp-json\/wp\/v2\/pages\/42"}],"wp:attachment":[{"href":"https:\/\/adalethazar.com\/index.php\/wp-json\/wp\/v2\/media?parent=45"}],"curies":[{"name":"wp","href":"https:\/\/api.w.org\/{rel}","templated":true}]}}