{"id":132,"date":"2014-08-14T17:44:33","date_gmt":"2014-08-14T14:44:33","guid":{"rendered":"https:\/\/adalethazar.com\/?page_id=132"},"modified":"2014-10-26T12:12:44","modified_gmt":"2014-10-26T10:12:44","slug":"spk-bagimsiz-denetim-lisanslama-kitaplari","status":"publish","type":"page","link":"https:\/\/adalethazar.com\/index.php\/kitaplar\/sinav-kitaplari\/spk-bagimsiz-denetim-lisanslama-kitaplari\/","title":{"rendered":"SPK Ba\u011f\u0131ms\u0131z Denetim Lisanslama Kitaplar\u0131"},"content":{"rendered":"<p><a href=\"https:\/\/adalethazar.com\/wp-content\/uploads\/2014\/08\/SPK-Ba\u011f\u0131ms\u0131z-Denetim-Lisanslama-Kitaplar\u01312.jpg\"><img loading=\"lazy\" class=\"alignleft size-full wp-image-135\" src=\"https:\/\/adalethazar.com\/wp-content\/uploads\/2014\/08\/SPK-Ba\u011f\u0131ms\u0131z-Denetim-Lisanslama-Kitaplar\u01312.jpg\" alt=\"SPK Ba\u011f\u0131ms\u0131z Denetim Lisanslama Kitaplar\u01312\" width=\"158\" height=\"240\" \/><\/a> <a href=\"https:\/\/adalethazar.com\/wp-content\/uploads\/2014\/08\/SPK-Ba\u011f\u0131ms\u0131z-Denetim-Lisanslama-Kitaplar\u01313.jpg\"><img loading=\"lazy\" class=\"alignleft size-medium wp-image-136\" src=\"https:\/\/adalethazar.com\/wp-content\/uploads\/2014\/08\/SPK-Ba\u011f\u0131ms\u0131z-Denetim-Lisanslama-Kitaplar\u01313.jpg\" alt=\"SPK Ba\u011f\u0131ms\u0131z Denetim Lisanslama Kitaplar\u01313\" width=\"166\" height=\"249\" \/><\/a> <a href=\"https:\/\/adalethazar.com\/wp-content\/uploads\/2014\/08\/SPK-Ba\u011f\u0131ms\u0131z-Denetim-Lisanslama-Kitaplar\u01314.jpg\"><img loading=\"lazy\" class=\"alignleft size-medium wp-image-137\" src=\"https:\/\/adalethazar.com\/wp-content\/uploads\/2014\/08\/SPK-Ba\u011f\u0131ms\u0131z-Denetim-Lisanslama-Kitaplar\u01314.jpg\" alt=\"SPK Ba\u011f\u0131ms\u0131z Denetim Lisanslama Kitaplar\u01314\" width=\"160\" height=\"242\" \/><\/a> <a href=\"https:\/\/adalethazar.com\/wp-content\/uploads\/2014\/08\/SPK-Ba\u011f\u0131ms\u0131z-Denetim-Lisanslama-Kitaplar\u01315.jpg\"><img loading=\"lazy\" class=\"alignleft size-medium wp-image-138\" src=\"https:\/\/adalethazar.com\/wp-content\/uploads\/2014\/08\/SPK-Ba\u011f\u0131ms\u0131z-Denetim-Lisanslama-Kitaplar\u01315.jpg\" alt=\"SPK Ba\u011f\u0131ms\u0131z Denetim Lisanslama Kitaplar\u01315\" width=\"140\" height=\"245\" \/><\/a> <a href=\"https:\/\/adalethazar.com\/wp-content\/uploads\/2014\/08\/SPK-Ba\u011f\u0131ms\u0131z-Denetim-Lisanslama-Kitaplar\u01311.jpg\"><img loading=\"lazy\" class=\"alignleft size-medium wp-image-139\" src=\"https:\/\/adalethazar.com\/wp-content\/uploads\/2014\/08\/SPK-Ba\u011f\u0131ms\u0131z-Denetim-Lisanslama-Kitaplar\u01311.jpg\" alt=\"SPK Ba\u011f\u0131ms\u0131z Denetim Lisanslama Kitaplar\u01311\" width=\"163\" height=\"253\" \/><\/a><\/p>\n","protected":false},"excerpt":{"rendered":"","protected":false},"author":1,"featured_media":0,"parent":52,"menu_order":0,"comment_status":"closed","ping_status":"closed","template":"","meta":[],"_links":{"self":[{"href":"https:\/\/adalethazar.com\/index.php\/wp-json\/wp\/v2\/pages\/132"}],"collection":[{"href":"https:\/\/adalethazar.com\/index.php\/wp-json\/wp\/v2\/pages"}],"about":[{"href":"https:\/\/adalethazar.com\/index.php\/wp-json\/wp\/v2\/types\/page"}],"author":[{"embeddable":true,"href":"https:\/\/adalethazar.com\/index.php\/wp-json\/wp\/v2\/users\/1"}],"replies":[{"embeddable":true,"href":"https:\/\/adalethazar.com\/index.php\/wp-json\/wp\/v2\/comments?post=132"}],"version-history":[{"count":2,"href":"https:\/\/adalethazar.com\/index.php\/wp-json\/wp\/v2\/pages\/132\/revisions"}],"predecessor-version":[{"id":140,"href":"https:\/\/adalethazar.com\/index.php\/wp-json\/wp\/v2\/pages\/132\/revisions\/140"}],"up":[{"embeddable":true,"href":"https:\/\/adalethazar.com\/index.php\/wp-json\/wp\/v2\/pages\/52"}],"wp:attachment":[{"href":"https:\/\/adalethazar.com\/index.php\/wp-json\/wp\/v2\/media?parent=132"}],"curies":[{"name":"wp","href":"https:\/\/api.w.org\/{rel}","templated":true}]}}